  {"id":101,"date":"2024-06-28T18:41:46","date_gmt":"2024-06-28T18:41:46","guid":{"rendered":"https:\/\/monitlife.com\/?page_id=101"},"modified":"2025-02-06T03:39:30","modified_gmt":"2025-02-06T03:39:30","slug":"coming-soon","status":"publish","type":"page","link":"https:\/\/monitlife.com\/en\/","title":{"rendered":"Proximamente"},"content":{"rendered":"<div data-elementor-type=\"wp-page\" data-elementor-id=\"101\" class=\"elementor elementor-101\">\n\t\t\t\t<div class=\"elementor-element elementor-element-bc849fc e-flex e-con-boxed e-con e-parent\" data-id=\"bc849fc\" data-element_type=\"container\">\n\t\t\t\t\t<div class=\"e-con-inner\">\n\t\t\t\t<div class=\"elementor-element elementor-element-00c22bc elementor-align-justify elementor-widget elementor-widget-bdevs-coming-soon-widget\" data-id=\"00c22bc\" data-element_type=\"widget\" data-widget_type=\"bdevs-coming-soon-widget.default\">\n\t\t\t\t<div class=\"elementor-widget-container\">\n\t\t\t\t\t<div class=\"coming-soon-area bg-light\">\n    <div class=\"container\">\n        <div class=\"row min-vh-100 align-items-center\">\n            <div class=\"col-12\">\n                <div class=\"wrapper shadow-md radius-lg bg-white\">\n                    <div class=\"row align-items-center\">\n                        <div class=\"col-lg-6 bg-primary-light\">\n                            <div class=\"content\">\n                                <div class=\"logo mb-3 p-30\">\n                                    <a href=\"\/en\/\" target=\"_self\" title=\"Teeno\">\n                                        <img decoding=\"async\" src=\"https:\/\/m9w.688.myftpupload.com\/wp-content\/uploads\/2024\/07\/monitlife_logo.png\" alt=\"Logo\">\n                                    <\/a>\n                                <\/div>\n                                <div class=\"svg-image\">\n                                    <img class=\"lazyload\" data-src=\"https:\/\/m9w.688.myftpupload.com\/wp-content\/uploads\/2024\/06\/04f0ead867ffdc20005464545855236c.jpeg\" alt=\"Image\">\n                                <\/div>\n                            <\/div>\n                        <\/div>\n                        <div class=\"col-lg-6\">\n                            <div class=\"main-form\">\n                                <a href=\"\/en\/\" class=\"icon-link\" title=\"Go back to home\" target=\"_self\"><i class=\"fal fa-home\"><\/i><\/a>\n                                <div class=\"title mb-30\">\n                                    <h3 class=\"mb-15\">Coming Soon<\/h3>\n                                    <p class=\"text\">Una aplicaci\u00f3n innovadora que monitorea tus signos vitales, detecta ca\u00eddas, rastrea tu ubicaci\u00f3n y te recuerda tomar tus medicamentos.<\/p>\n                                <\/div>\n                                <div id=\"timer\" class=\"timer mb-30\">\n                                    <div id=\"monitlife_days\" class=\"count bg-primary-light radius-md\">\n<span class=\"h4 time mb-1\"><\/span>\n<span>Days<\/span>\n<\/div>\n<div id=\"monitlife_hours\" class=\"count bg-primary-light radius-md\">\n<span class=\"h4 time mb-1\"><\/span>\n<span>Hours<\/span>\n<\/div>\n<div id=\"monitlife_minutes\" class=\"count bg-primary-light radius-md\">\n<span class=\"h4 time mb-1\"><\/span>\n<span>Minutes<\/span>\n<\/div>\n<div id=\"monitlife_seconds\" class=\"count bg-primary-light radius-md\">\n<span class=\"h4 time mb-1\"><\/span>\n<span>Seconds<\/span>\n<\/div>                                <\/div>\n                                <div class=\"newsletter-form\">\n                                    \n                                    \n<div class=\"wpcf7 no-js\" id=\"wpcf7-f136-o1\" lang=\"es-ES\" dir=\"ltr\" data-wpcf7-id=\"136\">\n<div class=\"screen-reader-response\"><p role=\"status\" aria-live=\"polite\" aria-atomic=\"true\"><\/p> <ul><\/ul><\/div>\n<form action=\"\/en\/wp-json\/wp\/v2\/pages\/101#wpcf7-f136-o1\" method=\"post\" class=\"wpcf7-form init\" aria-label=\"Formulario de contacto\" novalidate=\"novalidate\" data-status=\"init\" data-trp-original-action=\"\/en\/wp-json\/wp\/v2\/pages\/101#wpcf7-f136-o1\">\n<div style=\"display: none;\">\n<input type=\"hidden\" name=\"_wpcf7\" value=\"136\" \/>\n<input type=\"hidden\" name=\"_wpcf7_version\" value=\"6.0.3\" \/>\n<input type=\"hidden\" name=\"_wpcf7_locale\" value=\"es_ES\" \/>\n<input type=\"hidden\" name=\"_wpcf7_unit_tag\" value=\"wpcf7-f136-o1\" \/>\n<input type=\"hidden\" name=\"_wpcf7_container_post\" value=\"0\" \/>\n<input type=\"hidden\" name=\"_wpcf7_posted_data_hash\" value=\"\" \/>\n<input type=\"hidden\" name=\"_wpcf7_recaptcha_response\" value=\"\" \/>\n<\/div>\n<div class=\"uacf7-form-136\"><div id=\"contact\">\n<div class=\"form-group\">\n<label>\u00bfQuieres recibir m\u00e1s informaci\u00f3n?<\/label>\n<span class=\"wpcf7-form-control-wrap\" data-name=\"your-email\"><input size=\"40\" maxlength=\"400\" class=\"wpcf7-form-control wpcf7-text wpcf7-validates-as-required form-control border-0 bg-light rounded-pill\" aria-required=\"true\" aria-invalid=\"false\" placeholder=\"Insert your email\" value=\"\" type=\"text\" name=\"your-email\" \/><\/span>\n<input class=\"wpcf7-form-control wpcf7-submit has-spinner color-primary\" type=\"submit\" value=\"&#xf061;\" \/>\n<\/div>\n<\/div><\/div><div class=\"wpcf7-response-output\" aria-hidden=\"true\"><\/div>\n<input type=\"hidden\" name=\"trp-form-language\" value=\"en\"\/><\/form>\n<\/div>\n                                <\/div>\n                            <\/div>\n                        <\/div>\n                    <\/div>\n                <\/div>\n            <\/div>\n        <\/div>\n    <\/div>\n<\/div>\n\t\t\t\t<\/div>\n\t\t\t\t<\/div>\n\t\t\t\t\t<\/div>\n\t\t\t\t<\/div>\n\t\t\t\t<\/div>","protected":false},"excerpt":{"rendered":"<p>Pr\u00f3ximamente Una aplicaci\u00f3n innovadora que monitorea tus signos vitales, detecta ca\u00eddas, rastrea tu ubicaci\u00f3n y te recuerda tomar tus medicamentos. Dias Horas Minutos Segundos \u00bfQuieres recibir m\u00e1s informaci\u00f3n?<\/p>","protected":false},"author":2,"featured_media":0,"parent":0,"menu_order":0,"comment_status":"closed","ping_status":"closed","template":"page-templates\/monitlife-template.php","meta":{"inline_featured_image":false,"footnotes":""},"class_list":["post-101","page","type-page","status-publish","hentry"],"_links":{"self":[{"href":"https:\/\/monitlife.com\/en\/wp-json\/wp\/v2\/pages\/101","targetHints":{"allow":["GET"]}}],"collection":[{"href":"https:\/\/monitlife.com\/en\/wp-json\/wp\/v2\/pages"}],"about":[{"href":"https:\/\/monitlife.com\/en\/wp-json\/wp\/v2\/types\/page"}],"author":[{"embeddable":true,"href":"https:\/\/monitlife.com\/en\/wp-json\/wp\/v2\/users\/2"}],"replies":[{"embeddable":true,"href":"https:\/\/monitlife.com\/en\/wp-json\/wp\/v2\/comments?post=101"}],"version-history":[{"count":53,"href":"https:\/\/monitlife.com\/en\/wp-json\/wp\/v2\/pages\/101\/revisions"}],"predecessor-version":[{"id":244,"href":"https:\/\/monitlife.com\/en\/wp-json\/wp\/v2\/pages\/101\/revisions\/244"}],"wp:attachment":[{"href":"https:\/\/monitlife.com\/en\/wp-json\/wp\/v2\/media?parent=101"}],"curies":[{"name":"wp","href":"https:\/\/api.w.org\/{rel}","templated":true}]}}